{"id":162,"date":"2022-04-04T12:25:09","date_gmt":"2022-04-04T16:25:09","guid":{"rendered":"https:\/\/www.microjeux.ca\/?page_id=162"},"modified":"2023-05-26T18:42:20","modified_gmt":"2023-05-26T22:42:20","slug":"candy","status":"publish","type":"page","link":"https:\/\/www.microjeux.ca\/fr\/candy\/","title":{"rendered":"Bonbons \/ Candy"},"content":{"rendered":"<p class=\"has-small-font-size\"><\/p>\n\n\n\n<div class=\"wp-block-group\"><div class=\"wp-block-group__inner-container is-layout-flow wp-block-group-is-layout-flow\"><\/div><\/div>\n\n\n\n<div class=\"wp-block-columns is-layout-flex wp-container-core-columns-is-layout-9d6595d7 wp-block-columns-is-layout-flex\">\n<div class=\"wp-block-column is-layout-flow wp-block-column-is-layout-flow\" style=\"flex-basis:100%\">\n<div class=\"wp-block-columns alignfull are-vertically-aligned-center is-layout-flex wp-container-core-columns-is-layout-9d6595d7 wp-block-columns-is-layout-flex\">\n<div class=\"wp-block-column is-vertically-aligned-center is-layout-flow wp-block-column-is-layout-flow\">\n<p class=\"has-text-align-center\">Bonbons R\u00e9tro<br>Retro Candy<\/p>\n<\/div>\n\n\n\n<div class=\"wp-block-column is-vertically-aligned-center is-layout-flow wp-block-column-is-layout-flow\">\n<p class=\"has-text-align-center\">257 Boul. d\u2019Anjou<br>Chateauguay, QC<br>450-507-1288<\/p>\n<\/div>\n\n\n\n<div class=\"wp-block-column is-vertically-aligned-center is-layout-flow wp-block-column-is-layout-flow\"><div class=\"wp-block-image is-style-default\">\n<figure class=\"aligncenter size-full is-resized\"><a href=\"\/fr\/contact\/\"><img data-recalc-dims=\"1\" loading=\"lazy\" decoding=\"async\" src=\"https:\/\/i0.wp.com\/www.microjeux.ca\/wp-content\/uploads\/2022\/04\/contact-mj-042222-01.jpg?resize=95%2C104&#038;ssl=1\" alt=\"\" class=\"wp-image-380\" width=\"95\" height=\"104\"\/><\/a><figcaption class=\"wp-element-caption\"><strong><a href=\"\/fr\/contact\/\">Contact Us<\/a><\/strong><\/figcaption><\/figure>\n<\/div><\/div>\n<\/div>\n<\/div>\n<\/div>\n\n\n\n<figure class=\"wp-block-gallery has-nested-images columns-default is-cropped wp-block-gallery-1 is-layout-flex wp-block-gallery-is-layout-flex\">\n<figure class=\"wp-block-image size-large\"><img data-recalc-dims=\"1\" loading=\"lazy\" decoding=\"async\" width=\"660\" height=\"495\" data-id=\"21\" src=\"https:\/\/i0.wp.com\/www.microjeux.ca\/wp-content\/uploads\/2022\/03\/MJ-CANDY-100721-06.jpg?resize=660%2C495&#038;ssl=1\" alt=\"\" class=\"wp-image-21\" srcset=\"https:\/\/i0.wp.com\/www.microjeux.ca\/wp-content\/uploads\/2022\/03\/MJ-CANDY-100721-06.jpg?w=2304&amp;ssl=1 2304w, https:\/\/i0.wp.com\/www.microjeux.ca\/wp-content\/uploads\/2022\/03\/MJ-CANDY-100721-06.jpg?resize=300%2C225&amp;ssl=1 300w, https:\/\/i0.wp.com\/www.microjeux.ca\/wp-content\/uploads\/2022\/03\/MJ-CANDY-100721-06.jpg?resize=1024%2C768&amp;ssl=1 1024w, https:\/\/i0.wp.com\/www.microjeux.ca\/wp-content\/uploads\/2022\/03\/MJ-CANDY-100721-06.jpg?resize=768%2C576&amp;ssl=1 768w, https:\/\/i0.wp.com\/www.microjeux.ca\/wp-content\/uploads\/2022\/03\/MJ-CANDY-100721-06.jpg?resize=1536%2C1152&amp;ssl=1 1536w, https:\/\/i0.wp.com\/www.microjeux.ca\/wp-content\/uploads\/2022\/03\/MJ-CANDY-100721-06.jpg?resize=2048%2C1536&amp;ssl=1 2048w, https:\/\/i0.wp.com\/www.microjeux.ca\/wp-content\/uploads\/2022\/03\/MJ-CANDY-100721-06.jpg?w=1320&amp;ssl=1 1320w, https:\/\/i0.wp.com\/www.microjeux.ca\/wp-content\/uploads\/2022\/03\/MJ-CANDY-100721-06.jpg?w=1980&amp;ssl=1 1980w\" sizes=\"auto, (max-width: 660px) 100vw, 660px\" \/><figcaption class=\"wp-element-caption\">Bonbons Retro Candy<\/figcaption><\/figure>\n\n\n\n<figure class=\"wp-block-image size-large\"><img data-recalc-dims=\"1\" loading=\"lazy\" decoding=\"async\" width=\"660\" height=\"495\" data-id=\"22\" src=\"https:\/\/i0.wp.com\/www.microjeux.ca\/wp-content\/uploads\/2022\/03\/MJ-CANDY-100721-04.jpg?resize=660%2C495&#038;ssl=1\" alt=\"\" class=\"wp-image-22\" srcset=\"https:\/\/i0.wp.com\/www.microjeux.ca\/wp-content\/uploads\/2022\/03\/MJ-CANDY-100721-04.jpg?w=2304&amp;ssl=1 2304w, https:\/\/i0.wp.com\/www.microjeux.ca\/wp-content\/uploads\/2022\/03\/MJ-CANDY-100721-04.jpg?resize=300%2C225&amp;ssl=1 300w, https:\/\/i0.wp.com\/www.microjeux.ca\/wp-content\/uploads\/2022\/03\/MJ-CANDY-100721-04.jpg?resize=1024%2C768&amp;ssl=1 1024w, https:\/\/i0.wp.com\/www.microjeux.ca\/wp-content\/uploads\/2022\/03\/MJ-CANDY-100721-04.jpg?resize=768%2C576&amp;ssl=1 768w, https:\/\/i0.wp.com\/www.microjeux.ca\/wp-content\/uploads\/2022\/03\/MJ-CANDY-100721-04.jpg?resize=1536%2C1152&amp;ssl=1 1536w, https:\/\/i0.wp.com\/www.microjeux.ca\/wp-content\/uploads\/2022\/03\/MJ-CANDY-100721-04.jpg?resize=2048%2C1536&amp;ssl=1 2048w, https:\/\/i0.wp.com\/www.microjeux.ca\/wp-content\/uploads\/2022\/03\/MJ-CANDY-100721-04.jpg?w=1320&amp;ssl=1 1320w, https:\/\/i0.wp.com\/www.microjeux.ca\/wp-content\/uploads\/2022\/03\/MJ-CANDY-100721-04.jpg?w=1980&amp;ssl=1 1980w\" sizes=\"auto, (max-width: 660px) 100vw, 660px\" \/><figcaption class=\"wp-element-caption\">Bonbons Retro Candy<\/figcaption><\/figure>\n\n\n\n<figure class=\"wp-block-image size-large\"><img data-recalc-dims=\"1\" loading=\"lazy\" decoding=\"async\" width=\"660\" height=\"495\" data-id=\"23\" src=\"https:\/\/i0.wp.com\/www.microjeux.ca\/wp-content\/uploads\/2022\/03\/MJ-CANDY-100721-07.jpg?resize=660%2C495&#038;ssl=1\" alt=\"\" class=\"wp-image-23\" srcset=\"https:\/\/i0.wp.com\/www.microjeux.ca\/wp-content\/uploads\/2022\/03\/MJ-CANDY-100721-07.jpg?w=2304&amp;ssl=1 2304w, https:\/\/i0.wp.com\/www.microjeux.ca\/wp-content\/uploads\/2022\/03\/MJ-CANDY-100721-07.jpg?resize=300%2C225&amp;ssl=1 300w, https:\/\/i0.wp.com\/www.microjeux.ca\/wp-content\/uploads\/2022\/03\/MJ-CANDY-100721-07.jpg?resize=1024%2C768&amp;ssl=1 1024w, https:\/\/i0.wp.com\/www.microjeux.ca\/wp-content\/uploads\/2022\/03\/MJ-CANDY-100721-07.jpg?resize=768%2C576&amp;ssl=1 768w, https:\/\/i0.wp.com\/www.microjeux.ca\/wp-content\/uploads\/2022\/03\/MJ-CANDY-100721-07.jpg?resize=1536%2C1152&amp;ssl=1 1536w, https:\/\/i0.wp.com\/www.microjeux.ca\/wp-content\/uploads\/2022\/03\/MJ-CANDY-100721-07.jpg?resize=2048%2C1536&amp;ssl=1 2048w, https:\/\/i0.wp.com\/www.microjeux.ca\/wp-content\/uploads\/2022\/03\/MJ-CANDY-100721-07.jpg?w=1320&amp;ssl=1 1320w, https:\/\/i0.wp.com\/www.microjeux.ca\/wp-content\/uploads\/2022\/03\/MJ-CANDY-100721-07.jpg?w=1980&amp;ssl=1 1980w\" sizes=\"auto, (max-width: 660px) 100vw, 660px\" \/><figcaption class=\"wp-element-caption\">Bonbons Retro Candy<\/figcaption><\/figure>\n\n\n\n<figure class=\"wp-block-image size-large\"><img data-recalc-dims=\"1\" loading=\"lazy\" decoding=\"async\" width=\"660\" height=\"495\" data-id=\"163\" src=\"https:\/\/i0.wp.com\/www.microjeux.ca\/wp-content\/uploads\/2022\/04\/MJ-CANDY-080621-02.jpg?resize=660%2C495&#038;ssl=1\" alt=\"\" class=\"wp-image-163\" srcset=\"https:\/\/i0.wp.com\/www.microjeux.ca\/wp-content\/uploads\/2022\/04\/MJ-CANDY-080621-02.jpg?w=960&amp;ssl=1 960w, https:\/\/i0.wp.com\/www.microjeux.ca\/wp-content\/uploads\/2022\/04\/MJ-CANDY-080621-02.jpg?resize=300%2C225&amp;ssl=1 300w, https:\/\/i0.wp.com\/www.microjeux.ca\/wp-content\/uploads\/2022\/04\/MJ-CANDY-080621-02.jpg?resize=768%2C576&amp;ssl=1 768w\" sizes=\"auto, (max-width: 660px) 100vw, 660px\" \/><figcaption class=\"wp-element-caption\">Bonbons Retro Candy<\/figcaption><\/figure>\n\n\n\n<figure class=\"wp-block-image size-large\"><img data-recalc-dims=\"1\" loading=\"lazy\" decoding=\"async\" width=\"660\" height=\"495\" data-id=\"164\" src=\"https:\/\/i0.wp.com\/www.microjeux.ca\/wp-content\/uploads\/2022\/04\/MJ-CANDY-080621-06.jpg?resize=660%2C495&#038;ssl=1\" alt=\"\" class=\"wp-image-164\" srcset=\"https:\/\/i0.wp.com\/www.microjeux.ca\/wp-content\/uploads\/2022\/04\/MJ-CANDY-080621-06.jpg?w=960&amp;ssl=1 960w, https:\/\/i0.wp.com\/www.microjeux.ca\/wp-content\/uploads\/2022\/04\/MJ-CANDY-080621-06.jpg?resize=300%2C225&amp;ssl=1 300w, https:\/\/i0.wp.com\/www.microjeux.ca\/wp-content\/uploads\/2022\/04\/MJ-CANDY-080621-06.jpg?resize=768%2C576&amp;ssl=1 768w\" sizes=\"auto, (max-width: 660px) 100vw, 660px\" \/><figcaption class=\"wp-element-caption\">Bonbons Retro Candy<\/figcaption><\/figure>\n\n\n\n<figure class=\"wp-block-image size-large\"><img data-recalc-dims=\"1\" loading=\"lazy\" decoding=\"async\" width=\"660\" height=\"880\" data-id=\"165\" src=\"https:\/\/i0.wp.com\/www.microjeux.ca\/wp-content\/uploads\/2022\/04\/MJ-CANDY-080621-08.jpg?resize=660%2C880&#038;ssl=1\" alt=\"\" class=\"wp-image-165\" srcset=\"https:\/\/i0.wp.com\/www.microjeux.ca\/wp-content\/uploads\/2022\/04\/MJ-CANDY-080621-08.jpg?w=720&amp;ssl=1 720w, https:\/\/i0.wp.com\/www.microjeux.ca\/wp-content\/uploads\/2022\/04\/MJ-CANDY-080621-08.jpg?resize=225%2C300&amp;ssl=1 225w\" sizes=\"auto, (max-width: 660px) 100vw, 660px\" \/><\/figure>\n\n\n\n<figure class=\"wp-block-image size-large\"><img data-recalc-dims=\"1\" loading=\"lazy\" decoding=\"async\" width=\"660\" height=\"495\" data-id=\"166\" src=\"https:\/\/i0.wp.com\/www.microjeux.ca\/wp-content\/uploads\/2022\/04\/MJ-CANDY-080621-19.jpg?resize=660%2C495&#038;ssl=1\" alt=\"\" class=\"wp-image-166\" srcset=\"https:\/\/i0.wp.com\/www.microjeux.ca\/wp-content\/uploads\/2022\/04\/MJ-CANDY-080621-19.jpg?w=960&amp;ssl=1 960w, https:\/\/i0.wp.com\/www.microjeux.ca\/wp-content\/uploads\/2022\/04\/MJ-CANDY-080621-19.jpg?resize=300%2C225&amp;ssl=1 300w, https:\/\/i0.wp.com\/www.microjeux.ca\/wp-content\/uploads\/2022\/04\/MJ-CANDY-080621-19.jpg?resize=768%2C576&amp;ssl=1 768w\" sizes=\"auto, (max-width: 660px) 100vw, 660px\" \/><figcaption class=\"wp-element-caption\">Bonbons Retro Candy<\/figcaption><\/figure>\n\n\n\n<figure class=\"wp-block-image size-large\"><img data-recalc-dims=\"1\" loading=\"lazy\" decoding=\"async\" width=\"660\" height=\"495\" data-id=\"167\" src=\"https:\/\/i0.wp.com\/www.microjeux.ca\/wp-content\/uploads\/2022\/04\/MJ-CANDY-080621-20.jpg?resize=660%2C495&#038;ssl=1\" alt=\"\" class=\"wp-image-167\" srcset=\"https:\/\/i0.wp.com\/www.microjeux.ca\/wp-content\/uploads\/2022\/04\/MJ-CANDY-080621-20.jpg?w=960&amp;ssl=1 960w, https:\/\/i0.wp.com\/www.microjeux.ca\/wp-content\/uploads\/2022\/04\/MJ-CANDY-080621-20.jpg?resize=300%2C225&amp;ssl=1 300w, https:\/\/i0.wp.com\/www.microjeux.ca\/wp-content\/uploads\/2022\/04\/MJ-CANDY-080621-20.jpg?resize=768%2C576&amp;ssl=1 768w\" sizes=\"auto, (max-width: 660px) 100vw, 660px\" \/><figcaption class=\"wp-element-caption\">Bonbons Retro Candy<\/figcaption><\/figure>\n<\/figure>\n\n\n\n<figure class=\"wp-block-table\"><table class=\"has-primary-background-color has-background\"><tbody><tr><td>Notre s\u00e9lection de bonbons comprend:<\/td><td>Our Candy Selection Includes:<\/td><\/tr><tr><td>Air Heads<br>Bazooka<br>Big League Chew<br>Blow Pop<br>Bottle Caps<br>Buncha Crunch<br>Butterfinger<br>Charleston Chew<br>Chiclets<br>Cookie Dough Bites<br> <strong>\u2022<\/strong> Fudge Brownie<br> <strong>\u2022<\/strong> Peanut Butter<br>Cow Tales<br> <strong>\u2022<\/strong> Chocolate Brownie<br> <strong>\u2022<\/strong> Candy Apple<br> <strong>\u2022<\/strong> Caramel<br> <strong>\u2022<\/strong> Oreo<br>Creamy Caramels<br>Cry Baby<br>Dots<br>Dubble Bubble<br>Flintstones Fruit Chews<br>Fruit Stripe<br>Good &amp; Plenty<br>Gobstoppers<br>Gummy Bears<br>Jelly Belly<br>Jolly Rancher<br>Jujubes<br>Jujyfruits<br>Junior Caramels<br>Junior Mints<br>Kit Kat<br>Laffy Taffy<br>Lemonheads<br>Lifesavers<br>Lik-M-Aid Fun Dip<br><\/td><td>Moon Pies (Choco &amp; Banane)<br>Mike and Ike<br> <strong>\u2022<\/strong> Mega Mix Reg.<br> <strong>\u2022<\/strong> Mega Mix Sour<br> <strong>\u2022<\/strong> Original<br> <strong>\u2022<\/strong> Berry Blast<br> <strong>\u2022<\/strong> Tropical Typhoon<br>Milk Duds<br>Muddy Bears<br>Nerds<br>Now and Later<br>Oreo<br>Pixy Stix<br>Pop Rocks<br>Popeye Fruit Chews<br>Razzles<br>Raisinets<br>Reese&#8217;s Pieces<br>Ring Pop<br>Runts<br>Salt Water Taffy<br>Sour Patch Kids<br>Sour Pop Bottles<br>Sour Twin Cherries<br>Sugar Daddy<br>Swedish Fish<br>Swedish Berries<br>Sweet Tarts<br>Tootsie Rolls<br>Unicorn Pops<br>Warheads<br> <strong>\u2022<\/strong> Cubes<br> <strong>\u2022<\/strong> Ooze Chews<br> <strong>\u2022<\/strong> Sour Jelly Beans<br> <strong>\u2022<\/strong> Sour Wedgies<br> <strong>\u2022<\/strong> Worms<br>Whoppers<\/td><\/tr><\/tbody><\/table><\/figure>\n\n\n\n<figure class=\"wp-block-table\"><table class=\"has-primary-background-color has-background\"><tbody><tr><td>La s\u00e9lection de bonbons et de sucreries disponibles est \u00e0 jour au 26 mai 2023. Les choix peuvent varier en fonction de la disponibilit\u00e9. (Certains marques sont rapidement \u00e9puis\u00e9es). Appelez-nous ou rendez-vous en magasin pour plus de d\u00e9tails. Merci !<br><br>Selection of available candies and sweets is current as of May 26, 2023. <br>Choices may vary based on availability. (Some brands sell out very fast).<br>Phone or visit us in the store for more details. Thanks!<\/td><\/tr><\/tbody><\/table><\/figure>\n\n\n\n<p>Communiquer avec Nous! | Contact Us:<\/p>\n\n\n\n<div class=\"wp-block-columns is-layout-flex wp-container-core-columns-is-layout-9d6595d7 wp-block-columns-is-layout-flex\">\n<div class=\"wp-block-column is-vertically-aligned-center is-layout-flow wp-block-column-is-layout-flow\">\n<div class=\"wp-block-jetpack-contact-info\">\n<div class=\"wp-block-jetpack-email\"><a href=\"mailto:info@microjeux.ca\">info@microjeux.ca<\/a><\/div>\n\n\n\n<div class=\"wp-block-jetpack-phone\"><a href=\"tel:4505071288\">450-507-1288<\/a><\/div>\n\n\n\n<div class=\"wp-block-jetpack-address\"><a href=\"https:\/\/www.google.com\/maps\/search\/257+Boul. d'Anjou,+Chateauguay,+QC,+J6J2R4+Canada\" target=\"_blank\" rel=\"noopener noreferrer\" title=\"Open address in Google Maps\"><div class=\"jetpack-address__address jetpack-address__address1\">257 Boul. d&#8217;Anjou<\/div><div><span class=\"jetpack-address__city\">Chateauguay<\/span>, <span class=\"jetpack-address__region\">QC<\/span> <span class=\"jetpack-address__postal\">J6J2R4<\/span><\/div><div class=\"jetpack-address__country\">Canada<\/div><\/a><\/div>\n<\/div>\n<\/div>\n\n\n\n<div class=\"wp-block-column is-layout-flow wp-block-column-is-layout-flow\"><div class=\"wp-block-image\">\n<figure class=\"aligncenter size-full is-resized\"><a href=\"https:\/\/www.google.com\/maps\/search\/257+Boul.%20d'Anjou,+Chateauguay,+Quebec,+J6J2R4+Canada\" target=\"_blank\" rel=\"noopener\"><img data-recalc-dims=\"1\" loading=\"lazy\" decoding=\"async\" src=\"https:\/\/i0.wp.com\/www.microjeux.ca\/wp-content\/uploads\/2022\/04\/mj-map-01.jpg?resize=343%2C308&#038;ssl=1\" alt=\"\" class=\"wp-image-93\" width=\"343\" height=\"308\" srcset=\"https:\/\/i0.wp.com\/www.microjeux.ca\/wp-content\/uploads\/2022\/04\/mj-map-01.jpg?w=371&amp;ssl=1 371w, https:\/\/i0.wp.com\/www.microjeux.ca\/wp-content\/uploads\/2022\/04\/mj-map-01.jpg?resize=300%2C270&amp;ssl=1 300w\" sizes=\"auto, (max-width: 343px) 100vw, 343px\" \/><\/a><\/figure>\n<\/div><\/div>\n<\/div>\n\n\n\n<p><\/p>","protected":false},"excerpt":{"rendered":"<p>Bonbons R\u00e9troRetro Candy 257 Boul. d\u2019AnjouChateauguay, QC450-507-1288 Notre s\u00e9lection de bonbons comprend: Our Candy Selection Includes: Air HeadsBazookaBig League ChewBlow PopBottle CapsBuncha CrunchButterfingerCharleston ChewChicletsCookie Dough Bites \u2022 Fudge Brownie \u2022 Peanut ButterCow Tales \u2022 Chocolate Brownie \u2022 Candy Apple \u2022 Caramel \u2022 OreoCreamy CaramelsCry BabyDotsDubble BubbleFlintstones Fruit ChewsFruit StripeGood &amp; PlentyGobstoppersGummy BearsJelly BellyJolly RancherJujubesJujyfruitsJunior CaramelsJunior [&hellip;]<\/p>\n","protected":false},"author":1,"featured_media":0,"parent":0,"menu_order":0,"comment_status":"closed","ping_status":"closed","template":"","meta":{"_coblocks_attr":"","_coblocks_dimensions":"","_coblocks_responsive_height":"","_coblocks_accordion_ie_support":"","hide_page_title":"enabled","footnotes":""},"class_list":["post-162","page","type-page","status-publish","hentry"],"jetpack_sharing_enabled":true,"_links":{"self":[{"href":"https:\/\/www.microjeux.ca\/fr\/wp-json\/wp\/v2\/pages\/162","targetHints":{"allow":["GET"]}}],"collection":[{"href":"https:\/\/www.microjeux.ca\/fr\/wp-json\/wp\/v2\/pages"}],"about":[{"href":"https:\/\/www.microjeux.ca\/fr\/wp-json\/wp\/v2\/types\/page"}],"author":[{"embeddable":true,"href":"https:\/\/www.microjeux.ca\/fr\/wp-json\/wp\/v2\/users\/1"}],"replies":[{"embeddable":true,"href":"https:\/\/www.microjeux.ca\/fr\/wp-json\/wp\/v2\/comments?post=162"}],"version-history":[{"count":6,"href":"https:\/\/www.microjeux.ca\/fr\/wp-json\/wp\/v2\/pages\/162\/revisions"}],"predecessor-version":[{"id":992,"href":"https:\/\/www.microjeux.ca\/fr\/wp-json\/wp\/v2\/pages\/162\/revisions\/992"}],"wp:attachment":[{"href":"https:\/\/www.microjeux.ca\/fr\/wp-json\/wp\/v2\/media?parent=162"}],"curies":[{"name":"wp","href":"https:\/\/api.w.org\/{rel}","templated":true}]}}