{"id":209,"date":"2022-04-04T14:06:18","date_gmt":"2022-04-04T18:06:18","guid":{"rendered":"https:\/\/www.microjeux.ca\/?page_id=209"},"modified":"2023-06-15T11:15:23","modified_gmt":"2023-06-15T15:15:23","slug":"current","status":"publish","type":"page","link":"https:\/\/www.microjeux.ca\/fr\/current\/","title":{"rendered":"Current"},"content":{"rendered":"<div class=\"wp-block-columns is-layout-flex wp-container-core-columns-is-layout-9d6595d7 wp-block-columns-is-layout-flex\">\n<div class=\"wp-block-column is-vertically-aligned-center is-layout-flow wp-block-column-is-layout-flow\">\n<p class=\"has-text-align-center has-medium-font-size\">Jeux Actuels<\/p>\n\n\n\n<p class=\"has-text-align-center\">Current Gaming<\/p>\n<\/div>\n\n\n\n<div class=\"wp-block-column is-vertically-aligned-center is-layout-flow wp-block-column-is-layout-flow\">\n<p class=\"has-text-align-center\">257 Boul. d&#8217;Anjou <br>Chateauguay, QC<br>450-507-1288<\/p>\n<\/div>\n\n\n\n<div class=\"wp-block-column is-vertically-aligned-center is-layout-flow wp-block-column-is-layout-flow\"><div class=\"wp-block-image is-style-default\">\n<figure class=\"aligncenter size-full is-resized\"><a href=\"\/fr\/contact\/\"><img data-recalc-dims=\"1\" loading=\"lazy\" decoding=\"async\" src=\"https:\/\/i0.wp.com\/www.microjeux.ca\/wp-content\/uploads\/2022\/04\/contact-mj-042222-01.jpg?resize=95%2C104&#038;ssl=1\" alt=\"\" class=\"wp-image-380\" width=\"95\" height=\"104\"\/><\/a><figcaption class=\"wp-element-caption\"><strong><a href=\"\/fr\/contact\/\">Contact Us<\/a><\/strong><\/figcaption><\/figure>\n<\/div><\/div>\n<\/div>\n\n\n\n<figure class=\"wp-block-gallery has-nested-images columns-default is-cropped has-lightbox wp-block-gallery-1 is-layout-flex wp-block-gallery-is-layout-flex\">\n<figure class=\"wp-block-image size-large\"><img data-recalc-dims=\"1\" loading=\"lazy\" decoding=\"async\" width=\"660\" height=\"399\" data-id=\"210\" src=\"https:\/\/i0.wp.com\/www.microjeux.ca\/wp-content\/uploads\/2022\/04\/132002821_5005362252837433_3804696463666697671_o.jpg?resize=660%2C399&#038;ssl=1\" alt=\"\" class=\"wp-image-210\" srcset=\"https:\/\/i0.wp.com\/www.microjeux.ca\/wp-content\/uploads\/2022\/04\/132002821_5005362252837433_3804696463666697671_o.jpg?w=1847&amp;ssl=1 1847w, https:\/\/i0.wp.com\/www.microjeux.ca\/wp-content\/uploads\/2022\/04\/132002821_5005362252837433_3804696463666697671_o.jpg?resize=300%2C181&amp;ssl=1 300w, https:\/\/i0.wp.com\/www.microjeux.ca\/wp-content\/uploads\/2022\/04\/132002821_5005362252837433_3804696463666697671_o.jpg?resize=1024%2C619&amp;ssl=1 1024w, https:\/\/i0.wp.com\/www.microjeux.ca\/wp-content\/uploads\/2022\/04\/132002821_5005362252837433_3804696463666697671_o.jpg?resize=768%2C464&amp;ssl=1 768w, https:\/\/i0.wp.com\/www.microjeux.ca\/wp-content\/uploads\/2022\/04\/132002821_5005362252837433_3804696463666697671_o.jpg?resize=1536%2C928&amp;ssl=1 1536w, https:\/\/i0.wp.com\/www.microjeux.ca\/wp-content\/uploads\/2022\/04\/132002821_5005362252837433_3804696463666697671_o.jpg?w=1320&amp;ssl=1 1320w\" sizes=\"auto, (max-width: 660px) 100vw, 660px\" \/><figcaption class=\"wp-element-caption\">Jeux Actuel \/ Current Gaming<\/figcaption><\/figure>\n\n\n\n<figure class=\"wp-block-image size-large\"><img data-recalc-dims=\"1\" loading=\"lazy\" decoding=\"async\" width=\"660\" height=\"495\" data-id=\"27\" src=\"https:\/\/i0.wp.com\/www.microjeux.ca\/wp-content\/uploads\/2022\/03\/MJ-093021-02.jpg?resize=660%2C495&#038;ssl=1\" alt=\"\" class=\"wp-image-27\" srcset=\"https:\/\/i0.wp.com\/www.microjeux.ca\/wp-content\/uploads\/2022\/03\/MJ-093021-02.jpg?w=2304&amp;ssl=1 2304w, https:\/\/i0.wp.com\/www.microjeux.ca\/wp-content\/uploads\/2022\/03\/MJ-093021-02.jpg?resize=300%2C225&amp;ssl=1 300w, https:\/\/i0.wp.com\/www.microjeux.ca\/wp-content\/uploads\/2022\/03\/MJ-093021-02.jpg?w=1320&amp;ssl=1 1320w, https:\/\/i0.wp.com\/www.microjeux.ca\/wp-content\/uploads\/2022\/03\/MJ-093021-02.jpg?w=1980&amp;ssl=1 1980w\" sizes=\"auto, (max-width: 660px) 100vw, 660px\" \/><figcaption class=\"wp-element-caption\">Jeux Actuel \/ Current Gaming<\/figcaption><\/figure>\n\n\n\n<figure class=\"wp-block-image size-large\"><img data-recalc-dims=\"1\" loading=\"lazy\" decoding=\"async\" width=\"660\" height=\"495\" data-id=\"324\" src=\"https:\/\/i0.wp.com\/www.microjeux.ca\/wp-content\/uploads\/2022\/04\/MJ-DUALSHOCK4-79-101920-01.jpg?resize=660%2C495&#038;ssl=1\" alt=\"\" class=\"wp-image-324\" srcset=\"https:\/\/i0.wp.com\/www.microjeux.ca\/wp-content\/uploads\/2022\/04\/MJ-DUALSHOCK4-79-101920-01.jpg?w=1932&amp;ssl=1 1932w, https:\/\/i0.wp.com\/www.microjeux.ca\/wp-content\/uploads\/2022\/04\/MJ-DUALSHOCK4-79-101920-01.jpg?resize=300%2C225&amp;ssl=1 300w, https:\/\/i0.wp.com\/www.microjeux.ca\/wp-content\/uploads\/2022\/04\/MJ-DUALSHOCK4-79-101920-01.jpg?resize=1024%2C768&amp;ssl=1 1024w, https:\/\/i0.wp.com\/www.microjeux.ca\/wp-content\/uploads\/2022\/04\/MJ-DUALSHOCK4-79-101920-01.jpg?resize=768%2C576&amp;ssl=1 768w, https:\/\/i0.wp.com\/www.microjeux.ca\/wp-content\/uploads\/2022\/04\/MJ-DUALSHOCK4-79-101920-01.jpg?resize=1536%2C1152&amp;ssl=1 1536w, https:\/\/i0.wp.com\/www.microjeux.ca\/wp-content\/uploads\/2022\/04\/MJ-DUALSHOCK4-79-101920-01.jpg?w=1320&amp;ssl=1 1320w\" sizes=\"auto, (max-width: 660px) 100vw, 660px\" \/><figcaption class=\"wp-element-caption\">Accessoires PS4<\/figcaption><\/figure>\n\n\n\n<figure class=\"wp-block-image size-large\"><img data-recalc-dims=\"1\" loading=\"lazy\" decoding=\"async\" width=\"660\" height=\"495\" data-id=\"326\" src=\"https:\/\/i0.wp.com\/www.microjeux.ca\/wp-content\/uploads\/2022\/04\/MJ-SWITCH-092019-01-scaled.jpg?resize=660%2C495&#038;ssl=1\" alt=\"\" class=\"wp-image-326\" srcset=\"https:\/\/i0.wp.com\/www.microjeux.ca\/wp-content\/uploads\/2022\/04\/MJ-SWITCH-092019-01-scaled.jpg?w=2560&amp;ssl=1 2560w, https:\/\/i0.wp.com\/www.microjeux.ca\/wp-content\/uploads\/2022\/04\/MJ-SWITCH-092019-01-scaled.jpg?resize=300%2C225&amp;ssl=1 300w, https:\/\/i0.wp.com\/www.microjeux.ca\/wp-content\/uploads\/2022\/04\/MJ-SWITCH-092019-01-scaled.jpg?resize=1024%2C768&amp;ssl=1 1024w, https:\/\/i0.wp.com\/www.microjeux.ca\/wp-content\/uploads\/2022\/04\/MJ-SWITCH-092019-01-scaled.jpg?resize=768%2C576&amp;ssl=1 768w, https:\/\/i0.wp.com\/www.microjeux.ca\/wp-content\/uploads\/2022\/04\/MJ-SWITCH-092019-01-scaled.jpg?resize=1536%2C1152&amp;ssl=1 1536w, https:\/\/i0.wp.com\/www.microjeux.ca\/wp-content\/uploads\/2022\/04\/MJ-SWITCH-092019-01-scaled.jpg?resize=2048%2C1536&amp;ssl=1 2048w, https:\/\/i0.wp.com\/www.microjeux.ca\/wp-content\/uploads\/2022\/04\/MJ-SWITCH-092019-01-scaled.jpg?w=1320&amp;ssl=1 1320w, https:\/\/i0.wp.com\/www.microjeux.ca\/wp-content\/uploads\/2022\/04\/MJ-SWITCH-092019-01-scaled.jpg?w=1980&amp;ssl=1 1980w\" sizes=\"auto, (max-width: 660px) 100vw, 660px\" \/><figcaption class=\"wp-element-caption\">Consoles Switch<\/figcaption><\/figure>\n<\/figure>\n\n\n\n<div class=\"wp-block-jetpack-tiled-gallery aligncenter is-style-rectangular\"><div class=\"tiled-gallery__gallery\"><div class=\"tiled-gallery__row\"><div class=\"tiled-gallery__col\" style=\"flex-basis:68.10693%\"><figure class=\"tiled-gallery__item\"><img decoding=\"async\" srcset=\"https:\/\/i2.wp.com\/www.microjeux.ca\/wp-content\/uploads\/2022\/09\/MJ-TRADE-SWITCH-091922-01-rotated-e1663615665441-1024x912.jpg?strip=info&#038;w=600&#038;ssl=1 600w,https:\/\/i2.wp.com\/www.microjeux.ca\/wp-content\/uploads\/2022\/09\/MJ-TRADE-SWITCH-091922-01-rotated-e1663615665441-1024x912.jpg?strip=info&#038;w=900&#038;ssl=1 900w,https:\/\/i2.wp.com\/www.microjeux.ca\/wp-content\/uploads\/2022\/09\/MJ-TRADE-SWITCH-091922-01-rotated-e1663615665441-1024x912.jpg?strip=info&#038;w=1200&#038;ssl=1 1200w,https:\/\/i2.wp.com\/www.microjeux.ca\/wp-content\/uploads\/2022\/09\/MJ-TRADE-SWITCH-091922-01-rotated-e1663615665441-1024x912.jpg?strip=info&#038;w=1500&#038;ssl=1 1500w,https:\/\/i2.wp.com\/www.microjeux.ca\/wp-content\/uploads\/2022\/09\/MJ-TRADE-SWITCH-091922-01-rotated-e1663615665441-1024x912.jpg?strip=info&#038;w=1800&#038;ssl=1 1800w,https:\/\/i2.wp.com\/www.microjeux.ca\/wp-content\/uploads\/2022\/09\/MJ-TRADE-SWITCH-091922-01-rotated-e1663615665441-1024x912.jpg?strip=info&#038;w=1941&#038;ssl=1 1941w\" alt=\"\" data-height=\"1728\" data-id=\"580\" data-link=\"https:\/\/www.microjeux.ca\/current\/attachment\/mj-trade-switch-091922-01\/\" data-url=\"https:\/\/www.microjeux.ca\/wp-content\/uploads\/2022\/09\/MJ-TRADE-SWITCH-091922-01-rotated-e1663615665441-1024x912.jpg\" data-width=\"1941\" src=\"https:\/\/i2.wp.com\/www.microjeux.ca\/wp-content\/uploads\/2022\/09\/MJ-TRADE-SWITCH-091922-01-rotated-e1663615665441-1024x912.jpg?ssl=1\" data-amp-layout=\"responsive\"\/><\/figure><\/div><div class=\"tiled-gallery__col\" style=\"flex-basis:31.89307%\"><figure class=\"tiled-gallery__item\"><img decoding=\"async\" srcset=\"https:\/\/i1.wp.com\/www.microjeux.ca\/wp-content\/uploads\/2022\/09\/MJ-TRADE-SWITCH-091922-02-rotated-e1663615587385-1024x958.jpg?strip=info&#038;w=600&#038;ssl=1 600w,https:\/\/i1.wp.com\/www.microjeux.ca\/wp-content\/uploads\/2022\/09\/MJ-TRADE-SWITCH-091922-02-rotated-e1663615587385-1024x958.jpg?strip=info&#038;w=900&#038;ssl=1 900w,https:\/\/i1.wp.com\/www.microjeux.ca\/wp-content\/uploads\/2022\/09\/MJ-TRADE-SWITCH-091922-02-rotated-e1663615587385-1024x958.jpg?strip=info&#038;w=1200&#038;ssl=1 1200w,https:\/\/i1.wp.com\/www.microjeux.ca\/wp-content\/uploads\/2022\/09\/MJ-TRADE-SWITCH-091922-02-rotated-e1663615587385-1024x958.jpg?strip=info&#038;w=1500&#038;ssl=1 1500w,https:\/\/i1.wp.com\/www.microjeux.ca\/wp-content\/uploads\/2022\/09\/MJ-TRADE-SWITCH-091922-02-rotated-e1663615587385-1024x958.jpg?strip=info&#038;w=1800&#038;ssl=1 1800w,https:\/\/i1.wp.com\/www.microjeux.ca\/wp-content\/uploads\/2022\/09\/MJ-TRADE-SWITCH-091922-02-rotated-e1663615587385-1024x958.jpg?strip=info&#038;w=1848&#038;ssl=1 1848w\" alt=\"\" data-height=\"1728\" data-id=\"581\" data-link=\"https:\/\/www.microjeux.ca\/current\/attachment\/mj-trade-switch-091922-02\/\" data-url=\"https:\/\/www.microjeux.ca\/wp-content\/uploads\/2022\/09\/MJ-TRADE-SWITCH-091922-02-rotated-e1663615587385-1024x958.jpg\" data-width=\"1848\" src=\"https:\/\/i1.wp.com\/www.microjeux.ca\/wp-content\/uploads\/2022\/09\/MJ-TRADE-SWITCH-091922-02-rotated-e1663615587385-1024x958.jpg?ssl=1\" data-amp-layout=\"responsive\"\/><\/figure><figure class=\"tiled-gallery__item\"><img decoding=\"async\" srcset=\"https:\/\/i0.wp.com\/www.microjeux.ca\/wp-content\/uploads\/2022\/09\/MJ-TRADE-SWITCH-091922-03-e1663615613905-1024x980.jpg?strip=info&#038;w=600&#038;ssl=1 600w,https:\/\/i0.wp.com\/www.microjeux.ca\/wp-content\/uploads\/2022\/09\/MJ-TRADE-SWITCH-091922-03-e1663615613905-1024x980.jpg?strip=info&#038;w=900&#038;ssl=1 900w,https:\/\/i0.wp.com\/www.microjeux.ca\/wp-content\/uploads\/2022\/09\/MJ-TRADE-SWITCH-091922-03-e1663615613905-1024x980.jpg?strip=info&#038;w=1200&#038;ssl=1 1200w,https:\/\/i0.wp.com\/www.microjeux.ca\/wp-content\/uploads\/2022\/09\/MJ-TRADE-SWITCH-091922-03-e1663615613905-1024x980.jpg?strip=info&#038;w=1500&#038;ssl=1 1500w,https:\/\/i0.wp.com\/www.microjeux.ca\/wp-content\/uploads\/2022\/09\/MJ-TRADE-SWITCH-091922-03-e1663615613905-1024x980.jpg?strip=info&#038;w=1756&#038;ssl=1 1756w\" alt=\"\" data-height=\"1681\" data-id=\"582\" data-link=\"https:\/\/www.microjeux.ca\/current\/attachment\/mj-trade-switch-091922-03\/\" data-url=\"https:\/\/www.microjeux.ca\/wp-content\/uploads\/2022\/09\/MJ-TRADE-SWITCH-091922-03-e1663615613905-1024x980.jpg\" data-width=\"1756\" src=\"https:\/\/i0.wp.com\/www.microjeux.ca\/wp-content\/uploads\/2022\/09\/MJ-TRADE-SWITCH-091922-03-e1663615613905-1024x980.jpg?ssl=1\" data-amp-layout=\"responsive\"\/><\/figure><\/div><\/div><div class=\"tiled-gallery__row\"><div class=\"tiled-gallery__col\" style=\"flex-basis:100.00000%\"><figure class=\"tiled-gallery__item\"><img decoding=\"async\" srcset=\"https:\/\/i2.wp.com\/www.microjeux.ca\/wp-content\/uploads\/2022\/09\/MJ-TRADE-SWITCH-091922-04-1024x768.jpg?strip=info&#038;w=600&#038;ssl=1 600w,https:\/\/i2.wp.com\/www.microjeux.ca\/wp-content\/uploads\/2022\/09\/MJ-TRADE-SWITCH-091922-04-1024x768.jpg?strip=info&#038;w=900&#038;ssl=1 900w,https:\/\/i2.wp.com\/www.microjeux.ca\/wp-content\/uploads\/2022\/09\/MJ-TRADE-SWITCH-091922-04-1024x768.jpg?strip=info&#038;w=1200&#038;ssl=1 1200w,https:\/\/i2.wp.com\/www.microjeux.ca\/wp-content\/uploads\/2022\/09\/MJ-TRADE-SWITCH-091922-04-1024x768.jpg?strip=info&#038;w=1500&#038;ssl=1 1500w,https:\/\/i2.wp.com\/www.microjeux.ca\/wp-content\/uploads\/2022\/09\/MJ-TRADE-SWITCH-091922-04-1024x768.jpg?strip=info&#038;w=1800&#038;ssl=1 1800w,https:\/\/i2.wp.com\/www.microjeux.ca\/wp-content\/uploads\/2022\/09\/MJ-TRADE-SWITCH-091922-04-1024x768.jpg?strip=info&#038;w=2000&#038;ssl=1 2000w\" alt=\"\" data-height=\"1728\" data-id=\"584\" data-link=\"https:\/\/www.microjeux.ca\/current\/attachment\/mj-trade-switch-091922-04\/\" data-url=\"https:\/\/www.microjeux.ca\/wp-content\/uploads\/2022\/09\/MJ-TRADE-SWITCH-091922-04-1024x768.jpg\" data-width=\"2304\" src=\"https:\/\/i2.wp.com\/www.microjeux.ca\/wp-content\/uploads\/2022\/09\/MJ-TRADE-SWITCH-091922-04-1024x768.jpg?ssl=1\" data-amp-layout=\"responsive\"\/><\/figure><\/div><\/div><\/div><\/div>\n\n\n\n<figure class=\"wp-block-table\"><table class=\"has-primary-background-color has-background\"><tbody><tr><td>S\u00e9lection actuelle<br>Nintendo Switch:<\/td><td>Current Selection<br>Nintendo Switch:<\/td><\/tr><tr><td>A BOY AND HIS BLOB<br>ADVANCE WARS 1+2 REBOOT CAMP<br>BLASTER MASTER ZERO 3<br>BLOOD STAINED COTM2<br>BLOODSTAINED ROTN<br>BR CREED CHAMPIONS BOXING<br>CASTLEVANIA COLLECTION<br>CITIES SKYLINES<br>CORPSE KILER 25TH ANNI ED<br>CRIS TALES<br>DK TROPICAL FREEZE<br>DOOM LRG COLLECTION 1.2.3<br>DOUBLE DRAGON NEON<br>FATAL TWELVE<br>FIRE EMBLEM ENGAGE<br>FIRE EMBLEM WAR THREE HOPES<br>GAME BUILDER GARAGE<br>KIRBY RET TO DREAMLAND LAND<br>KIRBY THE FORGOTTEN LAND<br>LEGO STAR WARS SKYWALKER SAGA<br>LUIGI MANSION 3<\/td><td>MARIO 3D ALLSTARS JP<br>MARIO 3D ALLSTARS<br>METROID PRIME REMASTERED<br>MINECRAFT<br>OCTOPATH TRAVELER II<br>POKEMON SCARLET<br>POKEMON SHINING PEARL<br>POKEMON VIOLET<br>RABBIDS PARTY OF LEGENDS<br>RAILWAY EMPIRE + DLC<br>STARDEW VALLEY<br>STARLINK STARFOX BFA<br>SUSHI STRIKERS SWITCH<br>TMNT SHREDDERS REVENGE LRG<br>TWO POINT CAMPUS EN ED<br>ULTRA STREET FIGHTER II TFC<br>WONDER BOY ASHA<br>YOSHI CRAFTED WORLD<br>ZELDA BOTW<br>ZELDA SKYWARD SWORD HD<br>ZOMBIES ATE GHOUL PATROL<\/td><\/tr><\/tbody><\/table><\/figure>\n\n\n\n<figure class=\"wp-block-table\"><table class=\"has-primary-background-color has-background\"><tbody><tr><td>La s\u00e9lection des jeux est \u00e0 jour au 26 mai 2023. <br>Les choix peuvent varier en fonction de la disponibilit\u00e9. <br>(Certains titres sont rapidement \u00e9puis\u00e9es). <br>Appelez-nous ou rendez-vous en magasin pour plus de d\u00e9tails. Merci !<br><br>Selection of available games is current as of May 26, 2023.<br>Choices may vary based on availability. <br>(Some titles sell out very fast).<br>Phone or visit us in the store for more details. Thanks!<\/td><\/tr><\/tbody><\/table><\/figure>\n\n\n\n<p>Communiquer avec Nous! | Contact Us:<\/p>\n\n\n\n<div class=\"wp-block-columns is-layout-flex wp-container-core-columns-is-layout-9d6595d7 wp-block-columns-is-layout-flex\">\n<div class=\"wp-block-column is-vertically-aligned-center is-layout-flow wp-block-column-is-layout-flow\">\n<div class=\"wp-block-jetpack-contact-info\">\n<div class=\"wp-block-jetpack-email\"><a href=\"mailto:info@microjeux.ca\">info@microjeux.ca<\/a><\/div>\n\n\n\n<div class=\"wp-block-jetpack-phone\"><a href=\"tel:4505071288\">450-507-1288<\/a><\/div>\n\n\n\n<div class=\"wp-block-jetpack-address\"><a href=\"https:\/\/www.google.com\/maps\/search\/257+Boul. d'Anjou,+Chateauguay,+QC,+J6J2R4+Canada\" target=\"_blank\" rel=\"noopener noreferrer\" title=\"Open address in Google Maps\"><div class=\"jetpack-address__address jetpack-address__address1\">257 Boul. d&#8217;Anjou<\/div><div><span class=\"jetpack-address__city\">Chateauguay<\/span>, <span class=\"jetpack-address__region\">QC<\/span> <span class=\"jetpack-address__postal\">J6J2R4<\/span><\/div><div class=\"jetpack-address__country\">Canada<\/div><\/a><\/div>\n<\/div>\n<\/div>\n\n\n\n<div class=\"wp-block-column is-layout-flow wp-block-column-is-layout-flow\"><div class=\"wp-block-image\">\n<figure class=\"aligncenter size-full is-resized\"><a href=\"https:\/\/www.google.com\/maps\/search\/257+Boul.%20d'Anjou,+Chateauguay,+Quebec,+J6J2R4+Canada\" target=\"_blank\" rel=\"noopener\"><img data-recalc-dims=\"1\" loading=\"lazy\" decoding=\"async\" src=\"https:\/\/i0.wp.com\/www.microjeux.ca\/wp-content\/uploads\/2022\/04\/mj-map-01.jpg?resize=343%2C308&#038;ssl=1\" alt=\"\" class=\"wp-image-93\" width=\"343\" height=\"308\" srcset=\"https:\/\/i0.wp.com\/www.microjeux.ca\/wp-content\/uploads\/2022\/04\/mj-map-01.jpg?w=371&amp;ssl=1 371w, https:\/\/i0.wp.com\/www.microjeux.ca\/wp-content\/uploads\/2022\/04\/mj-map-01.jpg?resize=300%2C270&amp;ssl=1 300w\" sizes=\"auto, (max-width: 343px) 100vw, 343px\" \/><\/a><\/figure>\n<\/div><\/div>\n<\/div>\n\n\n\n<p><\/p>","protected":false},"excerpt":{"rendered":"<p>Jeux Actuels Current Gaming 257 Boul. d&#8217;Anjou Chateauguay, QC450-507-1288 S\u00e9lection actuelleNintendo Switch: Current SelectionNintendo Switch: A BOY AND HIS BLOBADVANCE WARS 1+2 REBOOT CAMPBLASTER MASTER ZERO 3BLOOD STAINED COTM2BLOODSTAINED ROTNBR CREED CHAMPIONS BOXINGCASTLEVANIA COLLECTIONCITIES SKYLINESCORPSE KILER 25TH ANNI EDCRIS TALESDK TROPICAL FREEZEDOOM LRG COLLECTION 1.2.3DOUBLE DRAGON NEONFATAL TWELVEFIRE EMBLEM ENGAGEFIRE EMBLEM WAR THREE HOPESGAME BUILDER [&hellip;]<\/p>\n","protected":false},"author":1,"featured_media":0,"parent":0,"menu_order":0,"comment_status":"closed","ping_status":"closed","template":"","meta":{"_coblocks_attr":"","_coblocks_dimensions":"","_coblocks_responsive_height":"","_coblocks_accordion_ie_support":"","hide_page_title":"enabled","footnotes":""},"class_list":["post-209","page","type-page","status-publish","hentry"],"jetpack_sharing_enabled":true,"_links":{"self":[{"href":"https:\/\/www.microjeux.ca\/fr\/wp-json\/wp\/v2\/pages\/209","targetHints":{"allow":["GET"]}}],"collection":[{"href":"https:\/\/www.microjeux.ca\/fr\/wp-json\/wp\/v2\/pages"}],"about":[{"href":"https:\/\/www.microjeux.ca\/fr\/wp-json\/wp\/v2\/types\/page"}],"author":[{"embeddable":true,"href":"https:\/\/www.microjeux.ca\/fr\/wp-json\/wp\/v2\/users\/1"}],"replies":[{"embeddable":true,"href":"https:\/\/www.microjeux.ca\/fr\/wp-json\/wp\/v2\/comments?post=209"}],"version-history":[{"count":2,"href":"https:\/\/www.microjeux.ca\/fr\/wp-json\/wp\/v2\/pages\/209\/revisions"}],"predecessor-version":[{"id":1002,"href":"https:\/\/www.microjeux.ca\/fr\/wp-json\/wp\/v2\/pages\/209\/revisions\/1002"}],"wp:attachment":[{"href":"https:\/\/www.microjeux.ca\/fr\/wp-json\/wp\/v2\/media?parent=209"}],"curies":[{"name":"wp","href":"https:\/\/api.w.org\/{rel}","templated":true}]}}