{"id":333,"date":"2022-04-08T15:47:49","date_gmt":"2022-04-08T19:47:49","guid":{"rendered":"https:\/\/www.microjeux.ca\/?page_id=333"},"modified":"2023-02-12T12:32:21","modified_gmt":"2023-02-12T16:32:21","slug":"about","status":"publish","type":"page","link":"https:\/\/www.microjeux.ca\/fr\/about\/","title":{"rendered":"About Us"},"content":{"rendered":"<figure class=\"wp-block-gallery has-nested-images columns-default is-cropped wp-block-gallery-1 is-layout-flex wp-block-gallery-is-layout-flex\">\n<figure class=\"wp-block-image size-large\"><img data-recalc-dims=\"1\" loading=\"lazy\" decoding=\"async\" width=\"660\" height=\"495\" data-id=\"248\" src=\"https:\/\/i0.wp.com\/www.microjeux.ca\/wp-content\/uploads\/2022\/04\/MJ-071521-12.jpg?resize=660%2C495&#038;ssl=1\" alt=\"\" class=\"wp-image-248\" srcset=\"https:\/\/i0.wp.com\/www.microjeux.ca\/wp-content\/uploads\/2022\/04\/MJ-071521-12-scaled.jpg?resize=1024%2C768&amp;ssl=1 1024w, https:\/\/i0.wp.com\/www.microjeux.ca\/wp-content\/uploads\/2022\/04\/MJ-071521-12-scaled.jpg?resize=300%2C225&amp;ssl=1 300w, https:\/\/i0.wp.com\/www.microjeux.ca\/wp-content\/uploads\/2022\/04\/MJ-071521-12-scaled.jpg?resize=768%2C576&amp;ssl=1 768w, https:\/\/i0.wp.com\/www.microjeux.ca\/wp-content\/uploads\/2022\/04\/MJ-071521-12-scaled.jpg?resize=1536%2C1152&amp;ssl=1 1536w, https:\/\/i0.wp.com\/www.microjeux.ca\/wp-content\/uploads\/2022\/04\/MJ-071521-12-scaled.jpg?resize=2048%2C1536&amp;ssl=1 2048w, https:\/\/i0.wp.com\/www.microjeux.ca\/wp-content\/uploads\/2022\/04\/MJ-071521-12-scaled.jpg?w=1320&amp;ssl=1 1320w, https:\/\/i0.wp.com\/www.microjeux.ca\/wp-content\/uploads\/2022\/04\/MJ-071521-12-scaled.jpg?w=1980&amp;ssl=1 1980w\" sizes=\"auto, (max-width: 660px) 100vw, 660px\" \/><figcaption class=\"wp-element-caption\">Notre Magasin<\/figcaption><\/figure>\n<\/figure>\n\n\n\n<h4 class=\"wp-block-heading\" style=\"font-style:italic;font-weight:700\">Microjeux Depuis 2011<\/h4>\n\n\n\n<hr class=\"wp-block-separator has-css-opacity\"\/>\n\n\n\n<p class=\"has-drop-cap\">Nous sommes le plus grand magasin d\u2019ordinateurs et de jeux vid\u00e9o ind\u00e9pendante dans la r\u00e9gion. Nous offrons une grande s\u00e9lection de jeux vid\u00e9o r\u00e9tro et modernes, d\u2019ordinateurs, consoles, jouets, peluches et de bonbons. Notre objectif est d\u2019apporter aux joueurs d\u2019aujourd\u2019hui un avant-go\u00fbt de notre g\u00e9n\u00e9ration, sp\u00e9cialis\u00e9e dans les produits du d\u00e9but des ann\u00e9es 1980 au milieu des ann\u00e9es 2000. Certaines marques que nous proposons dans notre magasin incluent Nintendo, Sega, Sony et Microsoft. Des dizaines de jeux de soci\u00e9t\u00e9 conviviaux pour la famille qui \u00e9taient populaires il y a des ann\u00e9es, et toujours amusants aujourd\u2019hui, notamment Monopoly, Battleship, Hungry Hippos, Clue et Sorry. Des dizaines de jouets en peluche, des personnages de jeu vintage aux personnages modernes, dont Super Mario, Sonic, Bowser, Animal Crossing et The Legend of Zelda. Nous avons une grande s\u00e9lection d\u2019accessoires pour faire fonctionner vos consoles vintage, y compris des Wiimotes, des joysticks, des manettes, des contr\u00f4leurs, des c\u00e2bles AV, des convertisseurs HDMI pour vous permettre de jouer \u00e0 vos consoles r\u00e9tro sur un t\u00e9l\u00e9viseur moderne. Venez visiter notre s\u00e9lection de consoles modernes \u00e0 r\u00e9tro, telles que nos Retrons, qui vous permettent de jouer \u00e0 vos collections de jeux en cartouches vintage de Nintendo NES, Super Nintendo, Sega Genesis et Gameboy, sur un syst\u00e8me moderne avec des capacit\u00e9s HDMI. Nous proposons non seulement des consoles et des jeux vintage, mais \u00e9galement Playstation, XBOX, Nintendo Switch et 3DS en magasin. Tout cela et plus encore ! Venez nous rendre visite pour d\u00e9couvrir ce que nous pouvons vous offrir aujourd\u2019hui! Merci d\u2019avoir magasiner chez Microjeux \u2013 Pierre<\/p>\n\n\n\n<figure class=\"wp-block-gallery has-nested-images columns-default is-cropped wp-block-gallery-2 is-layout-flex wp-block-gallery-is-layout-flex\">\n<figure class=\"wp-block-image size-large\"><img data-recalc-dims=\"1\" loading=\"lazy\" decoding=\"async\" width=\"660\" height=\"495\" data-id=\"326\" src=\"https:\/\/i0.wp.com\/www.microjeux.ca\/wp-content\/uploads\/2022\/04\/MJ-SWITCH-092019-01-scaled.jpg?resize=660%2C495&#038;ssl=1\" alt=\"\" class=\"wp-image-326\" srcset=\"https:\/\/i0.wp.com\/www.microjeux.ca\/wp-content\/uploads\/2022\/04\/MJ-SWITCH-092019-01-scaled.jpg?w=2560&amp;ssl=1 2560w, https:\/\/i0.wp.com\/www.microjeux.ca\/wp-content\/uploads\/2022\/04\/MJ-SWITCH-092019-01-scaled.jpg?resize=300%2C225&amp;ssl=1 300w, https:\/\/i0.wp.com\/www.microjeux.ca\/wp-content\/uploads\/2022\/04\/MJ-SWITCH-092019-01-scaled.jpg?resize=1024%2C768&amp;ssl=1 1024w, https:\/\/i0.wp.com\/www.microjeux.ca\/wp-content\/uploads\/2022\/04\/MJ-SWITCH-092019-01-scaled.jpg?resize=768%2C576&amp;ssl=1 768w, https:\/\/i0.wp.com\/www.microjeux.ca\/wp-content\/uploads\/2022\/04\/MJ-SWITCH-092019-01-scaled.jpg?resize=1536%2C1152&amp;ssl=1 1536w, https:\/\/i0.wp.com\/www.microjeux.ca\/wp-content\/uploads\/2022\/04\/MJ-SWITCH-092019-01-scaled.jpg?resize=2048%2C1536&amp;ssl=1 2048w, https:\/\/i0.wp.com\/www.microjeux.ca\/wp-content\/uploads\/2022\/04\/MJ-SWITCH-092019-01-scaled.jpg?w=1320&amp;ssl=1 1320w, https:\/\/i0.wp.com\/www.microjeux.ca\/wp-content\/uploads\/2022\/04\/MJ-SWITCH-092019-01-scaled.jpg?w=1980&amp;ssl=1 1980w\" sizes=\"auto, (max-width: 660px) 100vw, 660px\" \/><figcaption class=\"wp-element-caption\">Consoles Switch<\/figcaption><\/figure>\n\n\n\n<figure class=\"wp-block-image size-large\"><img data-recalc-dims=\"1\" loading=\"lazy\" decoding=\"async\" width=\"660\" height=\"495\" data-id=\"180\" src=\"https:\/\/i0.wp.com\/www.microjeux.ca\/wp-content\/uploads\/2022\/04\/MJ-FRAME-082821-10.jpg?resize=660%2C495&#038;ssl=1\" alt=\"\" class=\"wp-image-180\" srcset=\"https:\/\/i0.wp.com\/www.microjeux.ca\/wp-content\/uploads\/2022\/04\/MJ-FRAME-082821-10.jpg?w=2304&amp;ssl=1 2304w, https:\/\/i0.wp.com\/www.microjeux.ca\/wp-content\/uploads\/2022\/04\/MJ-FRAME-082821-10.jpg?resize=300%2C225&amp;ssl=1 300w, https:\/\/i0.wp.com\/www.microjeux.ca\/wp-content\/uploads\/2022\/04\/MJ-FRAME-082821-10.jpg?resize=1024%2C768&amp;ssl=1 1024w, https:\/\/i0.wp.com\/www.microjeux.ca\/wp-content\/uploads\/2022\/04\/MJ-FRAME-082821-10.jpg?resize=768%2C576&amp;ssl=1 768w, https:\/\/i0.wp.com\/www.microjeux.ca\/wp-content\/uploads\/2022\/04\/MJ-FRAME-082821-10.jpg?resize=1536%2C1152&amp;ssl=1 1536w, https:\/\/i0.wp.com\/www.microjeux.ca\/wp-content\/uploads\/2022\/04\/MJ-FRAME-082821-10.jpg?resize=2048%2C1536&amp;ssl=1 2048w, https:\/\/i0.wp.com\/www.microjeux.ca\/wp-content\/uploads\/2022\/04\/MJ-FRAME-082821-10.jpg?w=1320&amp;ssl=1 1320w, https:\/\/i0.wp.com\/www.microjeux.ca\/wp-content\/uploads\/2022\/04\/MJ-FRAME-082821-10.jpg?w=1980&amp;ssl=1 1980w\" sizes=\"auto, (max-width: 660px) 100vw, 660px\" \/><figcaption class=\"wp-element-caption\">Cadres \/ Frames<\/figcaption><\/figure>\n\n\n\n<figure class=\"wp-block-image size-large\"><img data-recalc-dims=\"1\" loading=\"lazy\" decoding=\"async\" width=\"660\" height=\"495\" data-id=\"35\" src=\"https:\/\/i0.wp.com\/www.microjeux.ca\/wp-content\/uploads\/2022\/03\/MJ-TRADE-120221-01.jpg?resize=660%2C495&#038;ssl=1\" alt=\"\" class=\"wp-image-35\" srcset=\"https:\/\/i0.wp.com\/www.microjeux.ca\/wp-content\/uploads\/2022\/03\/MJ-TRADE-120221-01.jpg?w=2304&amp;ssl=1 2304w, https:\/\/i0.wp.com\/www.microjeux.ca\/wp-content\/uploads\/2022\/03\/MJ-TRADE-120221-01.jpg?resize=300%2C225&amp;ssl=1 300w, https:\/\/i0.wp.com\/www.microjeux.ca\/wp-content\/uploads\/2022\/03\/MJ-TRADE-120221-01.jpg?resize=1024%2C768&amp;ssl=1 1024w, https:\/\/i0.wp.com\/www.microjeux.ca\/wp-content\/uploads\/2022\/03\/MJ-TRADE-120221-01.jpg?resize=768%2C576&amp;ssl=1 768w, https:\/\/i0.wp.com\/www.microjeux.ca\/wp-content\/uploads\/2022\/03\/MJ-TRADE-120221-01.jpg?resize=1536%2C1152&amp;ssl=1 1536w, https:\/\/i0.wp.com\/www.microjeux.ca\/wp-content\/uploads\/2022\/03\/MJ-TRADE-120221-01.jpg?resize=2048%2C1536&amp;ssl=1 2048w, https:\/\/i0.wp.com\/www.microjeux.ca\/wp-content\/uploads\/2022\/03\/MJ-TRADE-120221-01.jpg?w=1320&amp;ssl=1 1320w, https:\/\/i0.wp.com\/www.microjeux.ca\/wp-content\/uploads\/2022\/03\/MJ-TRADE-120221-01.jpg?w=1980&amp;ssl=1 1980w\" sizes=\"auto, (max-width: 660px) 100vw, 660px\" \/><figcaption class=\"wp-element-caption\">Consoles 3DS<\/figcaption><\/figure>\n<\/figure>\n\n\n\n<h4 class=\"wp-block-heading\" style=\"font-style:italic;font-weight:700\">Microjeux Since 2011<\/h4>\n\n\n\n<hr class=\"wp-block-separator has-css-opacity\"\/>\n\n\n\n<p class=\"has-drop-cap\">We are the largest independently owned and operated computer and gaming store in the region. We carry a large selection of retro and modern video games, computers, consoles, toys, plushes and candies. Our aim to is bring today\u2019s gamers a taste of our generation, specializing in products from the early 1980\u2019s to mid 2000\u2019s. Some brands that we offer at our store include Nintendo, Sega, Sony, and Microsoft. Dozens of family friendly board games that were popular years ago, and still fun today, including Monopoly, Battleship, Hungry Hippos, Clue and Sorry. Dozens of plush toys from vintage to modern gaming characters, including Super Mario, Sonic, Bowser, Animal Crossing and The Legend of Zelda. We have a wide selection of accessories to keep your vintage consoles working, including Wiimotes, Joysticks, Paddles, Controllers, AV Cables, HDMI Converters to allow you to play your retro consoles on a modern TV. Come visit our selection of modern to retro consoles, such as our Retrons, which allow you to play your vintage game collections from Nintendo NES, Super Nintendo, Sega Genesis and Gameboy cartridges, on a modern system with HDMI capabilities. We not only carry vintage, but also Playstation, XBOX, and Nintendo Switch and 3DS consoles and games in store. All this and more! Come visit us to find out what we can offer you today! Thanks for shopping at Microjeux \u2013 Pierre<\/p>\n\n\n\n<p><\/p>\n\n\n\n<p>Communiquer avec Nous! | Contact Us:<br><\/p>\n\n\n\n<div class=\"wp-block-columns is-layout-flex wp-container-core-columns-is-layout-9d6595d7 wp-block-columns-is-layout-flex\">\n<div class=\"wp-block-column is-vertically-aligned-center is-layout-flow wp-block-column-is-layout-flow\">\n<div class=\"wp-block-jetpack-contact-info\">\n<div class=\"wp-block-jetpack-email\"><a href=\"mailto:info@microjeux.ca\">info@microjeux.ca<\/a><\/div>\n\n\n\n<div class=\"wp-block-jetpack-phone\"><a href=\"tel:4505071288\">450-507-1288<\/a><\/div>\n\n\n\n<div class=\"wp-block-jetpack-address\"><a href=\"https:\/\/www.google.com\/maps\/search\/257+Boul. d'Anjou,+Chateauguay,+QC,+J6J2R4+Canada\" target=\"_blank\" rel=\"noopener noreferrer\" title=\"Open address in Google Maps\"><div class=\"jetpack-address__address jetpack-address__address1\">257 Boul. d&#8217;Anjou<\/div><div><span class=\"jetpack-address__city\">Chateauguay<\/span>, <span class=\"jetpack-address__region\">QC<\/span> <span class=\"jetpack-address__postal\">J6J2R4<\/span><\/div><div class=\"jetpack-address__country\">Canada<\/div><\/a><\/div>\n<\/div>\n<\/div>\n\n\n\n<div class=\"wp-block-column is-layout-flow wp-block-column-is-layout-flow\"><div class=\"wp-block-image\">\n<figure class=\"aligncenter size-full is-resized\"><a href=\"https:\/\/www.google.com\/maps\/search\/257+Boul.%20d'Anjou,+Chateauguay,+Quebec,+J6J2R4+Canada\" target=\"_blank\" rel=\"noopener\"><img data-recalc-dims=\"1\" loading=\"lazy\" decoding=\"async\" src=\"https:\/\/i0.wp.com\/www.microjeux.ca\/wp-content\/uploads\/2022\/04\/mj-map-01.jpg?resize=343%2C308&#038;ssl=1\" alt=\"\" class=\"wp-image-93\" width=\"343\" height=\"308\" srcset=\"https:\/\/i0.wp.com\/www.microjeux.ca\/wp-content\/uploads\/2022\/04\/mj-map-01.jpg?w=371&amp;ssl=1 371w, https:\/\/i0.wp.com\/www.microjeux.ca\/wp-content\/uploads\/2022\/04\/mj-map-01.jpg?resize=300%2C270&amp;ssl=1 300w\" sizes=\"auto, (max-width: 343px) 100vw, 343px\" \/><\/a><\/figure>\n<\/div><\/div>\n<\/div>","protected":false},"excerpt":{"rendered":"<p>Microjeux Depuis 2011 Nous sommes le plus grand magasin d\u2019ordinateurs et de jeux vid\u00e9o ind\u00e9pendante dans la r\u00e9gion. Nous offrons une grande s\u00e9lection de jeux vid\u00e9o r\u00e9tro et modernes, d\u2019ordinateurs, consoles, jouets, peluches et de bonbons. Notre objectif est d\u2019apporter aux joueurs d\u2019aujourd\u2019hui un avant-go\u00fbt de notre g\u00e9n\u00e9ration, sp\u00e9cialis\u00e9e dans les produits du d\u00e9but des [&hellip;]<\/p>\n","protected":false},"author":1,"featured_media":0,"parent":0,"menu_order":0,"comment_status":"closed","ping_status":"closed","template":"","meta":{"_coblocks_attr":"","_coblocks_dimensions":"","_coblocks_responsive_height":"","_coblocks_accordion_ie_support":"","hide_page_title":"enabled","footnotes":""},"class_list":["post-333","page","type-page","status-publish","hentry"],"jetpack_sharing_enabled":true,"_links":{"self":[{"href":"https:\/\/www.microjeux.ca\/fr\/wp-json\/wp\/v2\/pages\/333","targetHints":{"allow":["GET"]}}],"collection":[{"href":"https:\/\/www.microjeux.ca\/fr\/wp-json\/wp\/v2\/pages"}],"about":[{"href":"https:\/\/www.microjeux.ca\/fr\/wp-json\/wp\/v2\/types\/page"}],"author":[{"embeddable":true,"href":"https:\/\/www.microjeux.ca\/fr\/wp-json\/wp\/v2\/users\/1"}],"replies":[{"embeddable":true,"href":"https:\/\/www.microjeux.ca\/fr\/wp-json\/wp\/v2\/comments?post=333"}],"version-history":[{"count":2,"href":"https:\/\/www.microjeux.ca\/fr\/wp-json\/wp\/v2\/pages\/333\/revisions"}],"predecessor-version":[{"id":495,"href":"https:\/\/www.microjeux.ca\/fr\/wp-json\/wp\/v2\/pages\/333\/revisions\/495"}],"wp:attachment":[{"href":"https:\/\/www.microjeux.ca\/fr\/wp-json\/wp\/v2\/media?parent=333"}],"curies":[{"name":"wp","href":"https:\/\/api.w.org\/{rel}","templated":true}]}}